{"id":102,"date":"2020-10-02T12:40:12","date_gmt":"2020-10-02T12:40:12","guid":{"rendered":"http:\/\/listeo.staging.wpengine.com\/?page_id=5026"},"modified":"2025-02-11T09:29:48","modified_gmt":"2025-02-11T08:29:48","slug":"coupons","status":"publish","type":"page","link":"https:\/\/edirex.ch\/annuaire\/coupons\/","title":{"rendered":"Coupons"},"content":{"rendered":"Vous devez \u00eatre connect\u00e9(e) pour g\u00e9rer vos codes de promo.\n","protected":false},"excerpt":{"rendered":"","protected":false},"author":1,"featured_media":0,"parent":0,"menu_order":0,"comment_status":"closed","ping_status":"closed","template":"template-dashboard.php","meta":{"footnotes":""},"class_list":["post-102","page","type-page","status-publish","hentry"],"_links":{"self":[{"href":"https:\/\/edirex.ch\/annuaire\/wp-json\/wp\/v2\/pages\/102","targetHints":{"allow":["GET"]}}],"collection":[{"href":"https:\/\/edirex.ch\/annuaire\/wp-json\/wp\/v2\/pages"}],"about":[{"href":"https:\/\/edirex.ch\/annuaire\/wp-json\/wp\/v2\/types\/page"}],"author":[{"embeddable":true,"href":"https:\/\/edirex.ch\/annuaire\/wp-json\/wp\/v2\/users\/1"}],"replies":[{"embeddable":true,"href":"https:\/\/edirex.ch\/annuaire\/wp-json\/wp\/v2\/comments?post=102"}],"version-history":[{"count":1,"href":"https:\/\/edirex.ch\/annuaire\/wp-json\/wp\/v2\/pages\/102\/revisions"}],"predecessor-version":[{"id":358333,"href":"https:\/\/edirex.ch\/annuaire\/wp-json\/wp\/v2\/pages\/102\/revisions\/358333"}],"wp:attachment":[{"href":"https:\/\/edirex.ch\/annuaire\/wp-json\/wp\/v2\/media?parent=102"}],"curies":[{"name":"wp","href":"https:\/\/api.w.org\/{rel}","templated":true}]}}