{"id":107,"date":"2019-01-22T10:32:52","date_gmt":"2019-01-22T10:32:52","guid":{"rendered":"https:\/\/listeo.staging.wpengine.com\/?page_id=861"},"modified":"2025-02-11T09:30:35","modified_gmt":"2025-02-11T08:30:35","slug":"reclamer-une-liste","status":"publish","type":"page","link":"https:\/\/edirex.ch\/annuaire\/reclamer-une-liste\/","title":{"rendered":"R\u00e9clamer une liste"},"content":{"rendered":"\n<div class=\"wpcf7 no-js\" id=\"wpcf7-f79-o1\" lang=\"en-US\" dir=\"ltr\" data-wpcf7-id=\"79\">\n<div class=\"screen-reader-response\"><p role=\"status\" aria-live=\"polite\" aria-atomic=\"true\"><\/p> <ul><\/ul><\/div>\n<form action=\"\/annuaire\/wp-json\/wp\/v2\/pages\/107#wpcf7-f79-o1\" method=\"post\" class=\"wpcf7-form init\" aria-label=\"Contact form\" novalidate=\"novalidate\" data-status=\"init\">\n<fieldset class=\"hidden-fields-container\"><input type=\"hidden\" name=\"_wpcf7\" value=\"79\" \/><input type=\"hidden\" name=\"_wpcf7_version\" value=\"6.1.5\" \/><input type=\"hidden\" name=\"_wpcf7_locale\" value=\"en_US\" \/><input type=\"hidden\" name=\"_wpcf7_unit_tag\" value=\"wpcf7-f79-o1\" \/><input type=\"hidden\" name=\"_wpcf7_container_post\" value=\"0\" \/><input type=\"hidden\" name=\"_wpcf7_posted_data_hash\" value=\"\" \/><input type=\"hidden\" name=\"_wpcf7dtx_version\" value=\"5.0.5\" \/><input type=\"hidden\" name=\"_wpcf7_recaptcha_response\" value=\"\" \/>\n<\/fieldset>\n<div class=\"row d-flex\">\n\t<div class=\"col-md-6\">\n\t\t<div>\n\t\t\t<p><span class=\"wpcf7-form-control-wrap\" data-name=\"your-name\"><input size=\"40\" maxlength=\"400\" class=\"wpcf7-form-control wpcf7-text wpcf7-validates-as-required\" aria-required=\"true\" aria-invalid=\"false\" placeholder=\"Votre nom\" value=\"\" type=\"text\" name=\"your-name\" \/><\/span>\n\t\t\t<\/p>\n\t\t<\/div>\n\t<\/div>\n\t<div class=\"col-md-6\">\n\t\t<div class=\"div-email\">\n\t\t\t<p><span class=\"wpcf7-form-control-wrap\" data-name=\"your-email\"><input size=\"40\" maxlength=\"400\" class=\"wpcf7-form-control wpcf7-email wpcf7-validates-as-required wpcf7-text wpcf7-validates-as-email\" aria-required=\"true\" aria-invalid=\"false\" placeholder=\"Email\" value=\"\" type=\"email\" name=\"your-email\" \/><\/span>\n\t\t\t<\/p>\n\t\t<\/div>\n\t<\/div>\n\t<div class=\"col-md-6\">\n\t\t<div>\n\t\t\t<p><span class=\"wpcf7-form-control-wrap\" data-name=\"your-prenom\"><input size=\"40\" maxlength=\"400\" class=\"wpcf7-form-control wpcf7-text wpcf7-validates-as-required\" aria-required=\"true\" aria-invalid=\"false\" placeholder=\"Votre pr\u00e9nom\" value=\"\" type=\"text\" name=\"your-prenom\" \/><\/span>\n\t\t\t<\/p>\n\t\t<\/div>\n\t<\/div>\n\t<div class=\"col-md-6\">\n\t\t<div>\n\t\t\t<p><span class=\"wpcf7-form-control-wrap\" data-name=\"your-tel\"><input size=\"40\" maxlength=\"400\" class=\"wpcf7-form-control wpcf7-tel wpcf7-validates-as-required wpcf7-text wpcf7-validates-as-tel\" aria-required=\"true\" aria-invalid=\"false\" placeholder=\"T\u00e9l\u00e9phone\" value=\"\" type=\"tel\" name=\"your-tel\" \/><\/span>\n\t\t\t<\/p>\n\t\t<\/div>\n\t<\/div>\n\t<div class=\"col-md-12 col-cats-wrapper\">\n\t\t<h4>Choisir une ou plusieurs cat\u00e9gories:\n\t\t<\/h4>\n\t\t<div class=\"div-abonnement div-cats\">\n\t\t\t<p><span class=\"wpcf7-form-control-wrap dynamic_checkbox_listing_category\" data-name=\"dynamic_checkbox_listing_category\"><span class=\"wpcf7-list-item wpcf7-list-item-1 first\"><label><input value=\"D\u00e9m\u00e9nagement\" type=\"checkbox\" id=\"dynamic_checkbox_listing_category_6a0485d85f7d6_1_1\" name=\"dynamic_checkbox_listing_category[]\" class=\"wpcf7-form-control wpcf7-checkbox wpcf7dtx wpcf7dtx-checkbox\" aria-invalid=\"false\"><span class=\"wpcf7-list-item-label\">D\u00e9m\u00e9nagement<\/span><\/label><\/span><span class=\"wpcf7-list-item wpcf7-list-item-2\"><label><input value=\"\u00c9lectricit\u00e9\/S\u00e9curit\u00e9\/Domotique\" type=\"checkbox\" id=\"dynamic_checkbox_listing_category_6a0485d85f7d6_1_2\" name=\"dynamic_checkbox_listing_category[]\" class=\"wpcf7-form-control wpcf7-checkbox wpcf7dtx wpcf7dtx-checkbox\" aria-invalid=\"false\"><span class=\"wpcf7-list-item-label\">\u00c9lectricit\u00e9\/S\u00e9curit\u00e9\/Domotique<\/span><\/label><\/span><span class=\"wpcf7-list-item wpcf7-list-item-3\"><label><input value=\"\u00c9tanch\u00e9it\u00e9\/Couverture\/Fa\u00e7ade ventil\u00e9e\" type=\"checkbox\" id=\"dynamic_checkbox_listing_category_6a0485d85f7d6_1_3\" name=\"dynamic_checkbox_listing_category[]\" class=\"wpcf7-form-control wpcf7-checkbox wpcf7dtx wpcf7dtx-checkbox\" aria-invalid=\"false\"><span class=\"wpcf7-list-item-label\">\u00c9tanch\u00e9it\u00e9\/Couverture\/Fa\u00e7ade ventil\u00e9e<\/span><\/label><\/span><span class=\"wpcf7-list-item wpcf7-list-item-4\"><label><input value=\"Ferblanterie\/Couverture\/\u00c9tanch\u00e9it\u00e9\" type=\"checkbox\" id=\"dynamic_checkbox_listing_category_6a0485d85f7d6_1_4\" name=\"dynamic_checkbox_listing_category[]\" class=\"wpcf7-form-control wpcf7-checkbox wpcf7dtx wpcf7dtx-checkbox\" aria-invalid=\"false\"><span class=\"wpcf7-list-item-label\">Ferblanterie\/Couverture\/\u00c9tanch\u00e9it\u00e9<\/span><\/label><\/span><span class=\"wpcf7-list-item wpcf7-list-item-5\"><label><input value=\"Installation solaire\" type=\"checkbox\" id=\"dynamic_checkbox_listing_category_6a0485d85f7d6_1_5\" name=\"dynamic_checkbox_listing_category[]\" class=\"wpcf7-form-control wpcf7-checkbox wpcf7dtx wpcf7dtx-checkbox\" aria-invalid=\"false\"><span class=\"wpcf7-list-item-label\">Installation solaire<\/span><\/label><\/span><span class=\"wpcf7-list-item wpcf7-list-item-6\"><label><input value=\"Ma\u00e7onnerie\/Carrelage\" type=\"checkbox\" id=\"dynamic_checkbox_listing_category_6a0485d85f7d6_1_6\" name=\"dynamic_checkbox_listing_category[]\" class=\"wpcf7-form-control wpcf7-checkbox wpcf7dtx wpcf7dtx-checkbox\" aria-invalid=\"false\"><span class=\"wpcf7-list-item-label\">Ma\u00e7onnerie\/Carrelage<\/span><\/label><\/span><span class=\"wpcf7-list-item wpcf7-list-item-7\"><label><input value=\"Menuiserie\/Charpente\/Parquet\/Cuisine\" type=\"checkbox\" id=\"dynamic_checkbox_listing_category_6a0485d85f7d6_1_7\" name=\"dynamic_checkbox_listing_category[]\" class=\"wpcf7-form-control wpcf7-checkbox wpcf7dtx wpcf7dtx-checkbox\" aria-invalid=\"false\"><span class=\"wpcf7-list-item-label\">Menuiserie\/Charpente\/Parquet\/Cuisine<\/span><\/label><\/span><span class=\"wpcf7-list-item wpcf7-list-item-8\"><label><input value=\"Nettoyage\" type=\"checkbox\" id=\"dynamic_checkbox_listing_category_6a0485d85f7d6_1_8\" name=\"dynamic_checkbox_listing_category[]\" class=\"wpcf7-form-control wpcf7-checkbox wpcf7dtx wpcf7dtx-checkbox\" aria-invalid=\"false\"><span class=\"wpcf7-list-item-label\">Nettoyage<\/span><\/label><\/span><span class=\"wpcf7-list-item wpcf7-list-item-9\"><label><input value=\"Paysagiste\" type=\"checkbox\" id=\"dynamic_checkbox_listing_category_6a0485d85f7d6_1_9\" name=\"dynamic_checkbox_listing_category[]\" class=\"wpcf7-form-control wpcf7-checkbox wpcf7dtx wpcf7dtx-checkbox\" aria-invalid=\"false\"><span class=\"wpcf7-list-item-label\">Paysagiste<\/span><\/label><\/span><span class=\"wpcf7-list-item wpcf7-list-item-10\"><label><input value=\"Peinture\/Plafonds\/Isolation p\u00e9riph\u00e9rique\" type=\"checkbox\" id=\"dynamic_checkbox_listing_category_6a0485d85f7d6_1_10\" name=\"dynamic_checkbox_listing_category[]\" class=\"wpcf7-form-control wpcf7-checkbox wpcf7dtx wpcf7dtx-checkbox\" aria-invalid=\"false\"><span class=\"wpcf7-list-item-label\">Peinture\/Plafonds\/Isolation p\u00e9riph\u00e9rique<\/span><\/label><\/span><span class=\"wpcf7-list-item wpcf7-list-item-11 last\"><label><input value=\"Sanitaire\/Chauffage\/Ventilation\" type=\"checkbox\" id=\"dynamic_checkbox_listing_category_6a0485d85f7d6_1_11\" name=\"dynamic_checkbox_listing_category[]\" class=\"wpcf7-form-control wpcf7-checkbox wpcf7dtx wpcf7dtx-checkbox\" aria-invalid=\"false\"><span class=\"wpcf7-list-item-label\">Sanitaire\/Chauffage\/Ventilation<\/span><\/label><\/span><\/span>\n\t\t\t<\/p>\n\t\t<\/div>\n\t<\/div>\n\t<div class=\"col-md-12\">\n\t\t<div class=\"div-abonnement\">\n\t\t\t<p><span class=\"wpcf7-form-control-wrap\" data-name=\"radio-531\"><span class=\"wpcf7-form-control wpcf7-radio\"><span class=\"wpcf7-list-item first\"><label><input type=\"radio\" name=\"radio-531\" value=\"Uniquement ma page gratuite\" checked=\"checked\" \/><span class=\"wpcf7-list-item-label\">Uniquement ma page gratuite<\/span><\/label><\/span><span class=\"wpcf7-list-item\"><label><input type=\"radio\" name=\"radio-531\" value=\"Mandats \u00e0 la commission (5%)\" \/><span class=\"wpcf7-list-item-label\">Mandats \u00e0 la commission (5%)<\/span><\/label><\/span><span class=\"wpcf7-list-item\"><label><input type=\"radio\" name=\"radio-531\" value=\"Abonnement mensuel (99CHF\/mois)\" \/><span class=\"wpcf7-list-item-label\">Abonnement mensuel (99CHF\/mois)<\/span><\/label><\/span><span class=\"wpcf7-list-item last\"><label><input type=\"radio\" name=\"radio-531\" value=\"Paiement annuel (85CHF\/mois)\" \/><span class=\"wpcf7-list-item-label\">Paiement annuel (85CHF\/mois)<\/span><\/label><\/span><\/span><\/span>\n\t\t\t<\/p>\n\t\t<\/div>\n\t<\/div>\n\t<div>\n\t<input class=\"wpcf7-form-control wpcf7-hidden\" value=\"URL de l&#039;inscription\" type=\"hidden\" name=\"subject\" \/>\n\t<\/div>\n\t<div class=\"col-md-12\">\n\t\t<p><a class=\"a-abonnement\" href=\"https:\/\/www.entreprises-edirex.ch\/\" target=\"_blank\">En savoir plus sur les abonnements<\/a>\n\t\t<\/p>\n\t<\/div>\n<\/div>\n<div>\n\t<p><span class=\"wpcf7-form-control-wrap\" data-name=\"textarea-265\"><textarea cols=\"40\" rows=\"7\" maxlength=\"2000\" class=\"wpcf7-form-control wpcf7-textarea wpcf7-validates-as-required\" aria-required=\"true\" aria-invalid=\"false\" placeholder=\"Veuillez fournir ici des d\u00e9tails suppl\u00e9mentaires concernant votre demande\" name=\"textarea-265\"><\/textarea><\/span>\n\t<\/p>\n<\/div>\n<p><input class=\"wpcf7-form-control wpcf7-submit has-spinner\" type=\"submit\" value=\"Envoyer\" \/>\n<\/p><div class=\"wpcf7-response-output\" aria-hidden=\"true\"><\/div>\n<\/form>\n<\/div>\n\n","protected":false},"excerpt":{"rendered":"","protected":false},"author":1,"featured_media":0,"parent":0,"menu_order":0,"comment_status":"closed","ping_status":"closed","template":"","meta":{"footnotes":""},"class_list":["post-107","page","type-page","status-publish","hentry"],"_links":{"self":[{"href":"https:\/\/edirex.ch\/annuaire\/wp-json\/wp\/v2\/pages\/107","targetHints":{"allow":["GET"]}}],"collection":[{"href":"https:\/\/edirex.ch\/annuaire\/wp-json\/wp\/v2\/pages"}],"about":[{"href":"https:\/\/edirex.ch\/annuaire\/wp-json\/wp\/v2\/types\/page"}],"author":[{"embeddable":true,"href":"https:\/\/edirex.ch\/annuaire\/wp-json\/wp\/v2\/users\/1"}],"replies":[{"embeddable":true,"href":"https:\/\/edirex.ch\/annuaire\/wp-json\/wp\/v2\/comments?post=107"}],"version-history":[{"count":1,"href":"https:\/\/edirex.ch\/annuaire\/wp-json\/wp\/v2\/pages\/107\/revisions"}],"predecessor-version":[{"id":337154,"href":"https:\/\/edirex.ch\/annuaire\/wp-json\/wp\/v2\/pages\/107\/revisions\/337154"}],"wp:attachment":[{"href":"https:\/\/edirex.ch\/annuaire\/wp-json\/wp\/v2\/media?parent=107"}],"curies":[{"name":"wp","href":"https:\/\/api.w.org\/{rel}","templated":true}]}}